{"id":2570,"date":"2015-06-30T11:21:28","date_gmt":"2015-06-30T11:21:28","guid":{"rendered":"https:\/\/www.fundacionmigres.org\/?page_id=2570"},"modified":"2024-06-25T21:46:22","modified_gmt":"2024-06-25T21:46:22","slug":"organizacion-de-eventos","status":"publish","type":"page","link":"https:\/\/www.fundacionmigres.org\/en\/organizacion-de-eventos\/","title":{"rendered":"Organizaci\u00f3n de eventos"},"content":{"rendered":"<div class=\"wpb-content-wrapper\"><p>[vc_row][vc_column][vc_column_text]Una de las prioridades de la Fundaci\u00f3n Migres es comunicar y divulgar los resultados y conocimientos de nuestros proyectos. As\u00ed, pensamos que una de las maneras a las que m\u00e1s efectivas para poder transmitir nuestros resultados es la organizaci\u00f3n de grandes eventos como congresos Internacionales, ferias ornitol\u00f3gicas, jornadas y encuentros de los temas m\u00e1s interesantes entre los que destacamos:<\/p>\n<p style=\"text-align: left;\"><strong><strong><i class=\"icon-check\"><\/i>\u00a0<\/strong>Congresos Internacionales sobre la Migraci\u00f3n de Aves y Cambio Clim\u00e1tico.<\/strong><\/p>\n<p><strong><i class=\"icon-check\"><\/i>\u00a0Congreso Ib\u00e9rico sobre la Energ\u00eda E\u00f3lica y Conservaci\u00f3n de Fauna.<\/strong><\/p>\n<p><strong><i class=\"icon-check\"><\/i>\u00a0Ferias Internacionales de aves<\/strong><\/p>\n<p><strong><i class=\"icon-check\"><\/i>\u00a0Workshops del \u00e1guila pescadora<\/strong>[\/vc_column_text][\/vc_column][\/vc_row][vc_row full_width=&#8221;&#8221; parallax=&#8221;&#8221; parallax_image=&#8221;&#8221;][vc_column width=&#8221;1\/1&#8243;][vc_single_image image=&#8221;2571&#8243; border_color=&#8221;grey&#8221; img_link_large=&#8221;&#8221; img_link_target=&#8221;_self&#8221; img_size=&#8221;large&#8221;][\/vc_column][\/vc_row]<\/p>\n<\/div>","protected":false},"excerpt":{"rendered":"<p>[vc_row][vc_column][vc_column_text]Una de las prioridades de la Fundaci\u00f3n Migres es comunicar y divulgar los resultados y conocimientos de nuestros proyectos. As\u00ed, pensamos que una de las maneras [&hellip;]<\/p>\n","protected":false},"author":1,"featured_media":0,"parent":0,"menu_order":0,"comment_status":"closed","ping_status":"closed","template":"","meta":{"_mc_calendar":[],"footnotes":""},"_links":{"self":[{"href":"https:\/\/www.fundacionmigres.org\/en\/wp-json\/wp\/v2\/pages\/2570"}],"collection":[{"href":"https:\/\/www.fundacionmigres.org\/en\/wp-json\/wp\/v2\/pages"}],"about":[{"href":"https:\/\/www.fundacionmigres.org\/en\/wp-json\/wp\/v2\/types\/page"}],"author":[{"embeddable":true,"href":"https:\/\/www.fundacionmigres.org\/en\/wp-json\/wp\/v2\/users\/1"}],"replies":[{"embeddable":true,"href":"https:\/\/www.fundacionmigres.org\/en\/wp-json\/wp\/v2\/comments?post=2570"}],"version-history":[{"count":1,"href":"https:\/\/www.fundacionmigres.org\/en\/wp-json\/wp\/v2\/pages\/2570\/revisions"}],"predecessor-version":[{"id":2572,"href":"https:\/\/www.fundacionmigres.org\/en\/wp-json\/wp\/v2\/pages\/2570\/revisions\/2572"}],"wp:attachment":[{"href":"https:\/\/www.fundacionmigres.org\/en\/wp-json\/wp\/v2\/media?parent=2570"}],"curies":[{"name":"wp","href":"https:\/\/api.w.org\/{rel}","templated":true}]}}